{"id":65,"date":"2023-08-11T18:13:36","date_gmt":"2023-08-11T18:13:36","guid":{"rendered":"https:\/\/xn--viajerasoadora-ynb.com\/?page_id=65"},"modified":"2023-08-11T18:13:36","modified_gmt":"2023-08-11T18:13:36","slug":"quien-soy","status":"publish","type":"page","link":"https:\/\/xn--viajerasoadora-ynb.com\/index.php\/quien-soy\/","title":{"rendered":"Quien Soy:"},"content":{"rendered":"<p>Hola! Bienvenidos a mi Blog de viajes, Mi nombre es Edurne y soy una chica Joven a la que le encanta viajar.<\/p>\n<p><img decoding=\"async\" loading=\"lazy\" class=\"alignnone size-medium wp-image-66 alignright\" src=\"https:\/\/xn--viajerasoadora-ynb.com\/wp-content\/uploads\/2023\/08\/IMG_9135-225x300.jpeg\" alt=\"\" width=\"225\" height=\"300\" srcset=\"https:\/\/xn--viajerasoadora-ynb.com\/wp-content\/uploads\/2023\/08\/IMG_9135-225x300.jpeg 225w, https:\/\/xn--viajerasoadora-ynb.com\/wp-content\/uploads\/2023\/08\/IMG_9135-767x1024.jpeg 767w, https:\/\/xn--viajerasoadora-ynb.com\/wp-content\/uploads\/2023\/08\/IMG_9135-768x1025.jpeg 768w, https:\/\/xn--viajerasoadora-ynb.com\/wp-content\/uploads\/2023\/08\/IMG_9135-1151x1536.jpeg 1151w, https:\/\/xn--viajerasoadora-ynb.com\/wp-content\/uploads\/2023\/08\/IMG_9135-1534x2048.jpeg 1534w, https:\/\/xn--viajerasoadora-ynb.com\/wp-content\/uploads\/2023\/08\/IMG_9135-scaled.jpeg 1918w\" sizes=\"(max-width: 225px) 100vw, 225px\" \/><\/p><p>Mi aventura empez\u00f3 en el 2022 cuando visite el Pais de mis Sue\u00f1os, Turqu\u00eda. A ra\u00edz de ese viaje vi lo maravilloso que es viajar alrededor del mundo, conocer diferentes paises ,culturas ,religiones y conocer gente nueva. Cada vez que una aventura se me viene a la mente r\u00e1pidamente organizo un Planning perfecto para hacer realidad ese viaje\u00a0so\u00f1ado.<\/p><p>En Viajera so\u00f1adora, mi peque\u00f1o proyecto viajero encontraras <span class=\"NormalTextRun SCXW152954824 BCX8\">Art\u00edculos personales con consejos, que visitar en cada ciudad y muchas fotograf\u00edas.<\/span><\/p>\n","protected":false},"excerpt":{"rendered":"<p>Hola! Bienvenidos a mi Blog de viajes, Mi nombre es Edurne y soy una chica Joven a la que le encanta viajar. Mi aventura empez\u00f3 en el 2022 cuando visite el Pais de mis Sue\u00f1os, Turqu\u00eda. A ra\u00edz de ese viaje vi lo maravilloso que es viajar alrededor del mundo, conocer diferentes paises ,culturas ,religiones [&hellip;]<\/p>\n","protected":false},"author":1,"featured_media":0,"parent":0,"menu_order":0,"comment_status":"closed","ping_status":"closed","template":"","meta":{"om_disable_all_campaigns":false,"_monsterinsights_skip_tracking":false,"_monsterinsights_sitenote_active":false,"_monsterinsights_sitenote_note":"","_monsterinsights_sitenote_category":0,"_uf_show_specific_survey":0,"_uf_disable_surveys":false,"footnotes":""},"blocksy_meta":"","aioseo_notices":[],"_links":{"self":[{"href":"https:\/\/xn--viajerasoadora-ynb.com\/index.php\/wp-json\/wp\/v2\/pages\/65"}],"collection":[{"href":"https:\/\/xn--viajerasoadora-ynb.com\/index.php\/wp-json\/wp\/v2\/pages"}],"about":[{"href":"https:\/\/xn--viajerasoadora-ynb.com\/index.php\/wp-json\/wp\/v2\/types\/page"}],"author":[{"embeddable":true,"href":"https:\/\/xn--viajerasoadora-ynb.com\/index.php\/wp-json\/wp\/v2\/users\/1"}],"replies":[{"embeddable":true,"href":"https:\/\/xn--viajerasoadora-ynb.com\/index.php\/wp-json\/wp\/v2\/comments?post=65"}],"version-history":[{"count":1,"href":"https:\/\/xn--viajerasoadora-ynb.com\/index.php\/wp-json\/wp\/v2\/pages\/65\/revisions"}],"predecessor-version":[{"id":67,"href":"https:\/\/xn--viajerasoadora-ynb.com\/index.php\/wp-json\/wp\/v2\/pages\/65\/revisions\/67"}],"wp:attachment":[{"href":"https:\/\/xn--viajerasoadora-ynb.com\/index.php\/wp-json\/wp\/v2\/media?parent=65"}],"curies":[{"name":"wp","href":"https:\/\/api.w.org\/{rel}","templated":true}]}}